{"id":52,"date":"2024-08-31T09:35:39","date_gmt":"2024-08-31T09:35:39","guid":{"rendered":"https:\/\/setuproductions.com\/?page_id=52"},"modified":"2025-09-09T19:39:41","modified_gmt":"2025-09-09T19:39:41","slug":"servicios","status":"publish","type":"page","link":"https:\/\/setuproductions.com\/?page_id=52","title":{"rendered":"Servicios"},"content":{"rendered":"\t\t<div data-elementor-type=\"wp-page\" data-elementor-id=\"52\" class=\"elementor elementor-52\">\n\t\t\t\t<div class=\"elementor-element elementor-element-7a7fab52 e-flex e-con-boxed e-con e-parent\" data-id=\"7a7fab52\" data-element_type=\"container\">\n\t\t\t\t\t<div class=\"e-con-inner\">\n\t\t\t\t<div class=\"elementor-element elementor-element-2240ba9b elementor-widget elementor-widget-text-editor\" data-id=\"2240ba9b\" data-element_type=\"widget\" data-widget_type=\"text-editor.default\">\n\t\t\t\t<div class=\"elementor-widget-container\">\n\t\t\t\t\t\t\t\t\t\n<h2 class=\"wp-block-heading has-text-align-center\"><span style=\"color: #e0e0e0;\"><strong>\u00a0\u00abOfrecemos una gama completa de servicios dise\u00f1ados para hacer realidad tus sue\u00f1os.\u00bb<\/strong><\/span><\/h2>\n<p><span style=\"color: #e0e0e0;\"><\/span><\/p>\n<p><span style=\"color: #e0e0e0;\"><strong>Servicios Adicionales<\/strong><\/span><\/p>\n<p><span style=\"color: #e0e0e0;\"><\/span><\/p>\n<p><span style=\"color: #e0e0e0;\">Para hacer realidad cada una de estas fases y garantizar que tu evento sea un \u00e9xito total, ponemos a tu disposici\u00f3n una amplia gama de servicios personalizados:<\/span><\/p>\n<p><span style=\"color: #e0e0e0;\"><\/span><\/p>\n<p><span style=\"color: #e0e0e0;\"><strong>Dise\u00f1o Personalizado<\/strong><\/span><\/p>\n<p><span style=\"color: #e0e0e0;\"><\/span><\/p>\n<ul class=\"wp-block-list\">\n<li><span style=\"color: #e0e0e0;\">Creamos soluciones a medida adaptadas a tus necesidades espec\u00edficas.<\/span><\/li>\n\n<li><span style=\"color: #e0e0e0;\">Desde la conceptualizaci\u00f3n del evento hasta los m\u00e1s peque\u00f1os detalles visuales.<\/span><\/li>\n<\/ul>\n<p><span style=\"color: #e0e0e0;\"><\/span><\/p>\n<p><span style=\"color: #e0e0e0;\"><strong>Consultor\u00eda Estrat\u00e9gica\u00a0<\/strong><\/span><\/p>\n<p><span style=\"color: #e0e0e0;\"><\/span><\/p>\n<ul class=\"wp-block-list\">\n<li><span style=\"color: #e0e0e0;\">Te guiamos en cada paso del camino hacia el \u00e9xito.<\/span><\/li>\n\n<li><span style=\"color: #e0e0e0;\">Estrategias innovadoras y asesoramiento especializado para optimizar el impacto de tu evento.<\/span><\/li>\n<\/ul>\n<p><span style=\"color: #e0e0e0;\"><\/span><\/p>\n<p><span style=\"color: #e0e0e0;\"><strong>Implementaci\u00f3n Eficiente<\/strong><\/span><\/p>\n<p><span style=\"color: #e0e0e0;\"><\/span><\/p>\n<ul class=\"wp-block-list\">\n<li><span style=\"color: #e0e0e0;\">Convertimos tus ideas en resultados tangibles.<\/span><\/li>\n\n<li><span style=\"color: #e0e0e0;\">Planificaci\u00f3n meticulosa y ejecuci\u00f3n impecable de cada aspecto del evento.<\/span><\/li>\n<\/ul>\n<p><span style=\"color: #e0e0e0;\"><\/span><\/p>\n<p><span style=\"color: #e0e0e0;\"><strong>Producci\u00f3n y Gesti\u00f3n T\u00e9cnica<\/strong><\/span><\/p>\n<p><span style=\"color: #e0e0e0;\"><\/span><\/p>\n<ul class=\"wp-block-list\">\n<li><span style=\"color: #e0e0e0;\">Todo lo que necesitas para que la magia ocurra detr\u00e1s del escenario.<\/span><\/li>\n\n<li><span style=\"color: #e0e0e0;\">Coordinaci\u00f3n de equipos t\u00e9cnicos, gesti\u00f3n de recursos y operaci\u00f3n de equipos de sonido e iluminaci\u00f3n.<\/span><\/li>\n<\/ul>\n<p><span style=\"color: #e0e0e0;\"><\/span><\/p>\n<p><span style=\"color: #e0e0e0;\"><strong>Producci\u00f3n Art\u00edstica y Contrataci\u00f3n<\/strong><\/span><\/p>\n<p><span style=\"color: #e0e0e0;\"><\/span><\/p>\n<ul class=\"wp-block-list\">\n<li><span style=\"color: #e0e0e0;\">Gesti\u00f3n integral de talentos y artistas.<\/span><\/li>\n\n<li><span style=\"color: #e0e0e0;\">Desde la selecci\u00f3n hasta la hospitalidad, garantizamos que el talento brille.<\/span><\/li>\n<\/ul>\n<p><span style=\"color: #e0e0e0;\"><\/span><\/p>\n<p><span style=\"color: #e0e0e0;\"><strong>Dise\u00f1o y Gesti\u00f3n de Merchandising. Hacemos \u201cMarca\u201d.<\/strong><\/span><\/p>\n<p><span style=\"color: #e0e0e0;\"><\/span><\/p>\n<ul class=\"wp-block-list\">\n<li><span style=\"color: #e0e0e0;\">Aseg\u00farate de que tu evento sea recordado con productos personalizados.<\/span><\/li>\n\n<li><span style=\"color: #e0e0e0;\">Desde el dise\u00f1o, la fabricaci\u00f3n y hasta la distribuci\u00f3n o venta, gestionamos todo tu merchandising para maximizar la experiencia de los asistentes.<\/span><\/li>\n<\/ul>\n\t\t\t\t\t\t\t\t<\/div>\n\t\t\t\t<\/div>\n\t\t\t\t\t<\/div>\n\t\t\t\t<\/div>\n\t\t\t\t<\/div>\n\t\t","protected":false},"excerpt":{"rendered":"<p>\u00a0\u00abOfrecemos una gama completa de servicios dise\u00f1ados para hacer realidad tus sue\u00f1os.\u00bb Servicios Adicionales Para hacer realidad cada una de estas fases y garantizar que tu evento sea un \u00e9xito total, ponemos a tu disposici\u00f3n una amplia gama de servicios personalizados: Dise\u00f1o Personalizado Consultor\u00eda Estrat\u00e9gica\u00a0 Implementaci\u00f3n Eficiente Producci\u00f3n y Gesti\u00f3n [&hellip;]<\/p>\n","protected":false},"author":1,"featured_media":191,"parent":0,"menu_order":0,"comment_status":"closed","ping_status":"closed","template":"","meta":{"inspiro_page_layout":"narrow","inspiro_hide_title":false,"footnotes":""},"class_list":["post-52","page","type-page","status-publish","has-post-thumbnail","hentry"],"featured_media_urls":{"thumbnail":["https:\/\/setuproductions.com\/wp-content\/uploads\/2024\/10\/101624831-150x150.jpg",150,150,true],"medium":["https:\/\/setuproductions.com\/wp-content\/uploads\/2024\/10\/101624831-200x300.jpg",200,300,true],"medium_large":["https:\/\/setuproductions.com\/wp-content\/uploads\/2024\/10\/101624831-768x1152.jpg",768,1152,true],"large":["https:\/\/setuproductions.com\/wp-content\/uploads\/2024\/10\/101624831-683x1024.jpg",683,1024,true],"1536x1536":["https:\/\/setuproductions.com\/wp-content\/uploads\/2024\/10\/101624831-1024x1536.jpg",1024,1536,true],"2048x2048":["https:\/\/setuproductions.com\/wp-content\/uploads\/2024\/10\/101624831-1366x2048.jpg",1366,2048,true],"featured":["https:\/\/setuproductions.com\/wp-content\/uploads\/2024\/10\/101624831-2000x3000.jpg",2000,3000,true],"featured@2x":["https:\/\/setuproductions.com\/wp-content\/uploads\/2024\/10\/101624831-scaled.jpg",1707,2560,false],"featured-small":["https:\/\/setuproductions.com\/wp-content\/uploads\/2024\/10\/101624831-1000x1500.jpg",1000,1500,true],"recent-thumbnail":["https:\/\/setuproductions.com\/wp-content\/uploads\/2024\/10\/101624831-345x192.jpg",345,192,true],"recent-thumbnail-retina":["https:\/\/setuproductions.com\/wp-content\/uploads\/2024\/10\/101624831-690x384.jpg",690,384,true],"woo-featured":["https:\/\/setuproductions.com\/wp-content\/uploads\/2024\/10\/101624831-280x280.jpg",280,280,true],"entry-cover":["https:\/\/setuproductions.com\/wp-content\/uploads\/2024\/10\/101624831-1800x2700.jpg",1800,2700,true],"entry-cover@2x":["https:\/\/setuproductions.com\/wp-content\/uploads\/2024\/10\/101624831-scaled.jpg",1707,2560,false],"loop":["https:\/\/setuproductions.com\/wp-content\/uploads\/2024\/10\/101624831-950x320.jpg",950,320,true],"loop@2x":["https:\/\/setuproductions.com\/wp-content\/uploads\/2024\/10\/101624831-scaled.jpg",427,640,false],"portfolio-scroller-widget":["https:\/\/setuproductions.com\/wp-content\/uploads\/2024\/10\/101624831-373x560.jpg",373,560,true],"portfolio_item-thumbnail":["https:\/\/setuproductions.com\/wp-content\/uploads\/2024\/10\/101624831-scaled.jpg",267,400,false],"portfolio_item-thumbnail@2x":["https:\/\/setuproductions.com\/wp-content\/uploads\/2024\/10\/101624831-scaled.jpg",533,800,false],"portfolio_item-masonry":["https:\/\/setuproductions.com\/wp-content\/uploads\/2024\/10\/101624831-scaled.jpg",600,900,false],"portfolio_item-thumbnail_wide":["https:\/\/setuproductions.com\/wp-content\/uploads\/2024\/10\/101624831-1800x600.jpg",1800,600,true],"portfolio_item-thumbnail_wide_cinema":["https:\/\/setuproductions.com\/wp-content\/uploads\/2024\/10\/101624831-1800x750.jpg",1800,750,true],"portfolio_item-thumbnail_cinema":["https:\/\/setuproductions.com\/wp-content\/uploads\/2024\/10\/101624831-scaled.jpg",223,335,false],"portfolio_item-thumbnail_portrait":["https:\/\/setuproductions.com\/wp-content\/uploads\/2024\/10\/101624831-scaled.jpg",600,900,false],"portfolio_item-thumbnail_square":["https:\/\/setuproductions.com\/wp-content\/uploads\/2024\/10\/101624831-scaled.jpg",533,800,false],"portfolio_item-masonry@2x":["https:\/\/setuproductions.com\/wp-content\/uploads\/2024\/10\/101624831-scaled.jpg",1200,1800,false],"portfolio_item-thumbnail_portrait@2x":["https:\/\/setuproductions.com\/wp-content\/uploads\/2024\/10\/101624831-scaled.jpg",1200,1800,false]},"_links":{"self":[{"href":"https:\/\/setuproductions.com\/index.php?rest_route=\/wp\/v2\/pages\/52","targetHints":{"allow":["GET"]}}],"collection":[{"href":"https:\/\/setuproductions.com\/index.php?rest_route=\/wp\/v2\/pages"}],"about":[{"href":"https:\/\/setuproductions.com\/index.php?rest_route=\/wp\/v2\/types\/page"}],"author":[{"embeddable":true,"href":"https:\/\/setuproductions.com\/index.php?rest_route=\/wp\/v2\/users\/1"}],"replies":[{"embeddable":true,"href":"https:\/\/setuproductions.com\/index.php?rest_route=%2Fwp%2Fv2%2Fcomments&post=52"}],"version-history":[{"count":7,"href":"https:\/\/setuproductions.com\/index.php?rest_route=\/wp\/v2\/pages\/52\/revisions"}],"predecessor-version":[{"id":300,"href":"https:\/\/setuproductions.com\/index.php?rest_route=\/wp\/v2\/pages\/52\/revisions\/300"}],"wp:featuredmedia":[{"embeddable":true,"href":"https:\/\/setuproductions.com\/index.php?rest_route=\/wp\/v2\/media\/191"}],"wp:attachment":[{"href":"https:\/\/setuproductions.com\/index.php?rest_route=%2Fwp%2Fv2%2Fmedia&parent=52"}],"curies":[{"name":"wp","href":"https:\/\/api.w.org\/{rel}","templated":true}]}}