{"id":54,"date":"2024-08-31T09:36:38","date_gmt":"2024-08-31T09:36:38","guid":{"rendered":"https:\/\/setuproductions.com\/?page_id=54"},"modified":"2025-09-09T19:39:06","modified_gmt":"2025-09-09T19:39:06","slug":"nosotros","status":"publish","type":"page","link":"https:\/\/setuproductions.com\/?page_id=54","title":{"rendered":"Nosotros"},"content":{"rendered":"\t\t<div data-elementor-type=\"wp-page\" data-elementor-id=\"54\" class=\"elementor elementor-54\">\n\t\t\t\t<div class=\"elementor-element elementor-element-5dfc6162 e-con-full e-flex e-con e-parent\" data-id=\"5dfc6162\" data-element_type=\"container\">\n\t\t\t\t<div class=\"elementor-element elementor-element-32a4d53a elementor-widget elementor-widget-text-editor\" data-id=\"32a4d53a\" data-element_type=\"widget\" data-widget_type=\"text-editor.default\">\n\t\t\t\t<div class=\"elementor-widget-container\">\n\t\t\t\t\t\t\t\t\t<h4 style=\"text-align: center;\"><span style=\"color: #ffffff;\"><strong>Nos encanta nuestro trabajo, la m\u00fasica y los eventos son nuestra vocaci\u00f3n y por eso, hemos hecho de esto nuestra forma de vida y la vivimos con pasi\u00f3n.<br \/>Nos gusta ser y hacer felices, compartir es nuestro sino, y creamos vivencias \u00fanicas e irrepetibles en las que nos convertimos en una familia para siempre.\u00a0<\/strong><\/span><\/h4>\n<h4 style=\"text-align: center;\"><span style=\"color: #ffffff;\"><!-- \/wp:paragraph --><\/span><\/h4>\n<h4 style=\"text-align: center;\"><span style=\"color: #ffffff;\"><!-- wp:paragraph --><\/span><\/h4>\n<h4 style=\"text-align: center;\"><span style=\"color: #ffffff;\"><strong>Nuestra misi\u00f3n es mejorar la calidad de vida de las personas a trav\u00e9s de productos y servicios excepcionales, guiados por nuestros valores de integridad, trabajo en equipo y honestidad. Nos comprometemos a crear experiencias que generen felicidad y bienestar, promoviendo un entorno de confianza y colaboraci\u00f3n tanto dentro como fuera de la empresa.\u00a0<\/strong><\/span><\/h4>\n<h4 style=\"text-align: center;\"><span style=\"color: #ffffff;\"><!-- \/wp:paragraph --><\/span><\/h4>\n<h4 style=\"text-align: center;\"><span style=\"color: #ffffff;\"><!-- wp:paragraph --><\/span><\/h4>\n<h4 style=\"text-align: center;\"><span style=\"color: #ffffff;\"><strong>Trabajamos incansablemente para ser una fuente de inspiraci\u00f3n y satisfacci\u00f3n, contribuyendo positivamente a nuestras comunidades y al mundo\u00a0<\/strong><\/span><\/h4>\n<p><!-- \/wp:paragraph --><\/p>\n<p><!-- wp:paragraph --><\/p>\n<p><!-- \/wp:paragraph --><\/p>\t\t\t\t\t\t\t\t<\/div>\n\t\t\t\t<\/div>\n\t\t\t\t<\/div>\n\t\t\t\t<\/div>\n\t\t","protected":false},"excerpt":{"rendered":"<p>Nos encanta nuestro trabajo, la m\u00fasica y los eventos son nuestra vocaci\u00f3n y por eso, hemos hecho de esto nuestra forma de vida y la vivimos con pasi\u00f3n.Nos gusta ser y hacer felices, compartir es nuestro sino, y creamos vivencias \u00fanicas e irrepetibles en las que nos convertimos en una [&hellip;]<\/p>\n","protected":false},"author":1,"featured_media":219,"parent":0,"menu_order":0,"comment_status":"closed","ping_status":"closed","template":"","meta":{"inspiro_page_layout":"narrow","inspiro_hide_title":false,"footnotes":""},"class_list":["post-54","page","type-page","status-publish","has-post-thumbnail","hentry"],"featured_media_urls":{"thumbnail":["https:\/\/setuproductions.com\/wp-content\/uploads\/2024\/08\/maxresdefault-1-150x150.jpg",150,150,true],"medium":["https:\/\/setuproductions.com\/wp-content\/uploads\/2024\/08\/maxresdefault-1-300x169.jpg",300,169,true],"medium_large":["https:\/\/setuproductions.com\/wp-content\/uploads\/2024\/08\/maxresdefault-1-768x432.jpg",768,432,true],"large":["https:\/\/setuproductions.com\/wp-content\/uploads\/2024\/08\/maxresdefault-1-1024x576.jpg",930,523,true],"1536x1536":["https:\/\/setuproductions.com\/wp-content\/uploads\/2024\/08\/maxresdefault-1.jpg",1280,720,false],"2048x2048":["https:\/\/setuproductions.com\/wp-content\/uploads\/2024\/08\/maxresdefault-1.jpg",1280,720,false],"featured":["https:\/\/setuproductions.com\/wp-content\/uploads\/2024\/08\/maxresdefault-1.jpg",1280,720,false],"featured@2x":["https:\/\/setuproductions.com\/wp-content\/uploads\/2024\/08\/maxresdefault-1.jpg",1280,720,false],"featured-small":["https:\/\/setuproductions.com\/wp-content\/uploads\/2024\/08\/maxresdefault-1-1000x563.jpg",1000,563,true],"recent-thumbnail":["https:\/\/setuproductions.com\/wp-content\/uploads\/2024\/08\/maxresdefault-1-345x192.jpg",345,192,true],"recent-thumbnail-retina":["https:\/\/setuproductions.com\/wp-content\/uploads\/2024\/08\/maxresdefault-1-690x384.jpg",690,384,true],"woo-featured":["https:\/\/setuproductions.com\/wp-content\/uploads\/2024\/08\/maxresdefault-1-280x280.jpg",280,280,true],"entry-cover":["https:\/\/setuproductions.com\/wp-content\/uploads\/2024\/08\/maxresdefault-1.jpg",1280,720,false],"entry-cover@2x":["https:\/\/setuproductions.com\/wp-content\/uploads\/2024\/08\/maxresdefault-1.jpg",1280,720,false],"loop":["https:\/\/setuproductions.com\/wp-content\/uploads\/2024\/08\/maxresdefault-1-950x320.jpg",950,320,true],"loop@2x":["https:\/\/setuproductions.com\/wp-content\/uploads\/2024\/08\/maxresdefault-1.jpg",1138,640,false],"portfolio-scroller-widget":["https:\/\/setuproductions.com\/wp-content\/uploads\/2024\/08\/maxresdefault-1-996x560.jpg",996,560,true],"portfolio_item-thumbnail":["https:\/\/setuproductions.com\/wp-content\/uploads\/2024\/08\/maxresdefault-1-600x400.jpg",600,400,true],"portfolio_item-thumbnail@2x":["https:\/\/setuproductions.com\/wp-content\/uploads\/2024\/08\/maxresdefault-1-1200x720.jpg",1200,720,true],"portfolio_item-masonry":["https:\/\/setuproductions.com\/wp-content\/uploads\/2024\/08\/maxresdefault-1-600x338.jpg",600,338,true],"portfolio_item-thumbnail_wide":["https:\/\/setuproductions.com\/wp-content\/uploads\/2024\/08\/maxresdefault-1-1280x600.jpg",1280,600,true],"portfolio_item-thumbnail_wide_cinema":["https:\/\/setuproductions.com\/wp-content\/uploads\/2024\/08\/maxresdefault-1.jpg",1280,720,false],"portfolio_item-thumbnail_cinema":["https:\/\/setuproductions.com\/wp-content\/uploads\/2024\/08\/maxresdefault-1-800x335.jpg",800,335,true],"portfolio_item-thumbnail_portrait":["https:\/\/setuproductions.com\/wp-content\/uploads\/2024\/08\/maxresdefault-1-600x720.jpg",600,720,true],"portfolio_item-thumbnail_square":["https:\/\/setuproductions.com\/wp-content\/uploads\/2024\/08\/maxresdefault-1-800x720.jpg",800,720,true],"portfolio_item-masonry@2x":["https:\/\/setuproductions.com\/wp-content\/uploads\/2024\/08\/maxresdefault-1-1200x675.jpg",1200,675,true],"portfolio_item-thumbnail_portrait@2x":["https:\/\/setuproductions.com\/wp-content\/uploads\/2024\/08\/maxresdefault-1-1200x720.jpg",1200,720,true]},"_links":{"self":[{"href":"https:\/\/setuproductions.com\/index.php?rest_route=\/wp\/v2\/pages\/54","targetHints":{"allow":["GET"]}}],"collection":[{"href":"https:\/\/setuproductions.com\/index.php?rest_route=\/wp\/v2\/pages"}],"about":[{"href":"https:\/\/setuproductions.com\/index.php?rest_route=\/wp\/v2\/types\/page"}],"author":[{"embeddable":true,"href":"https:\/\/setuproductions.com\/index.php?rest_route=\/wp\/v2\/users\/1"}],"replies":[{"embeddable":true,"href":"https:\/\/setuproductions.com\/index.php?rest_route=%2Fwp%2Fv2%2Fcomments&post=54"}],"version-history":[{"count":7,"href":"https:\/\/setuproductions.com\/index.php?rest_route=\/wp\/v2\/pages\/54\/revisions"}],"predecessor-version":[{"id":297,"href":"https:\/\/setuproductions.com\/index.php?rest_route=\/wp\/v2\/pages\/54\/revisions\/297"}],"wp:featuredmedia":[{"embeddable":true,"href":"https:\/\/setuproductions.com\/index.php?rest_route=\/wp\/v2\/media\/219"}],"wp:attachment":[{"href":"https:\/\/setuproductions.com\/index.php?rest_route=%2Fwp%2Fv2%2Fmedia&parent=54"}],"curies":[{"name":"wp","href":"https:\/\/api.w.org\/{rel}","templated":true}]}}