{"id":8,"date":"2024-08-23T10:18:15","date_gmt":"2024-08-23T10:18:15","guid":{"rendered":"https:\/\/setuproductions.com\/?page_id=8"},"modified":"2024-10-29T17:42:26","modified_gmt":"2024-10-29T17:42:26","slug":"pagina-de-inicio","status":"publish","type":"page","link":"https:\/\/setuproductions.com\/","title":{"rendered":"P\u00e1gina de inicio"},"content":{"rendered":"\t\t<div data-elementor-type=\"wp-page\" data-elementor-id=\"8\" class=\"elementor elementor-8\">\n\t\t\t\t<div class=\"elementor-element elementor-element-d82a80e e-con-full e-flex e-con e-parent\" data-id=\"d82a80e\" data-element_type=\"container\">\n\t\t\t\t<div class=\"elementor-element elementor-element-d8ed3ca elementor-widget elementor-widget-text-editor\" data-id=\"d8ed3ca\" data-element_type=\"widget\" data-widget_type=\"text-editor.default\">\n\t\t\t\t<div class=\"elementor-widget-container\">\n\t\t\t\t\t\t\t\t\t<h1 class=\"p1\" style=\"text-align: center;\"><span class=\"s1\"><span style=\"color: #e8e8e8;\"><b><span style=\"color: #00ff00;\">C<\/span>reamos, <span style=\"color: #00ff00;\">P<\/span>roducimos, <span style=\"color: #00ff00;\">P<\/span>romovemos, <span style=\"color: #00ff00;\">O<\/span>rganizamos y llevamos a cabo cualquier proyecto que este en TU MENTE<\/b><\/span><\/span><\/h1>\t\t\t\t\t\t\t\t<\/div>\n\t\t\t\t<\/div>\n\t\t\t\t<\/div>\n\t\t<div class=\"elementor-element elementor-element-814e4cf e-flex e-con-boxed e-con e-parent\" data-id=\"814e4cf\" data-element_type=\"container\">\n\t\t\t\t\t<div class=\"e-con-inner\">\n\t\t\t\t<div class=\"elementor-element elementor-element-c9559cb elementor-widget elementor-widget-image\" data-id=\"c9559cb\" data-element_type=\"widget\" data-widget_type=\"image.default\">\n\t\t\t\t<div class=\"elementor-widget-container\">\n\t\t\t\t\t\t\t\t\t\t\t\t\t\t\t<img fetchpriority=\"high\" decoding=\"async\" width=\"626\" height=\"313\" src=\"https:\/\/setuproductions.com\/wp-content\/uploads\/2024\/10\/experimente-adoracion-alabanza-divina-concierto-cristiano-ciudad-santa-espacio-levantar-manos-alabanza_117038-23021.avif\" class=\"attachment-full size-full wp-image-125\" alt=\"\" srcset=\"https:\/\/setuproductions.com\/wp-content\/uploads\/2024\/10\/experimente-adoracion-alabanza-divina-concierto-cristiano-ciudad-santa-espacio-levantar-manos-alabanza_117038-23021.avif 626w, https:\/\/setuproductions.com\/wp-content\/uploads\/2024\/10\/experimente-adoracion-alabanza-divina-concierto-cristiano-ciudad-santa-espacio-levantar-manos-alabanza_117038-23021-300x150.avif 300w\" sizes=\"(max-width: 626px) 100vw, 626px\" \/>\t\t\t\t\t\t\t\t\t\t\t\t\t\t\t<\/div>\n\t\t\t\t<\/div>\n\t\t\t\t\t<\/div>\n\t\t\t\t<\/div>\n\t\t<div class=\"elementor-element elementor-element-5148da4 e-flex e-con-boxed e-con e-parent\" data-id=\"5148da4\" data-element_type=\"container\">\n\t\t\t\t\t<div class=\"e-con-inner\">\n\t\t\t\t<div class=\"elementor-element elementor-element-c2362fd elementor-widget elementor-widget-text-editor\" data-id=\"c2362fd\" data-element_type=\"widget\" data-widget_type=\"text-editor.default\">\n\t\t\t\t<div class=\"elementor-widget-container\">\n\t\t\t\t\t\t\t\t\t<h1 class=\"p1\" style=\"text-align: center;\"><span style=\"color: #e6e6e6;\"><strong>Espect\u00e1culos, Festivales, Giras, Conciertos, Eventos Privados, Deportivos, Empresariales, Presentaciones, Lanzamientos,<\/strong><\/span><\/h1><h1 class=\"p1\" style=\"text-align: center;\"><span style=\"color: #99cc00;\"><strong> y todo lo que conlleve una producci\u00f3n integral<\/strong><\/span><\/h1>\t\t\t\t\t\t\t\t<\/div>\n\t\t\t\t<\/div>\n\t\t\t\t\t<\/div>\n\t\t\t\t<\/div>\n\t\t<div class=\"elementor-element elementor-element-9a6118b e-flex e-con-boxed e-con e-parent\" data-id=\"9a6118b\" data-element_type=\"container\">\n\t\t\t\t\t<div class=\"e-con-inner\">\n\t\t\t\t<div class=\"elementor-element elementor-element-b875be6 elementor-button-info elementor-align-center elementor-widget elementor-widget-button\" data-id=\"b875be6\" data-element_type=\"widget\" data-widget_type=\"button.default\">\n\t\t\t\t<div class=\"elementor-widget-container\">\n\t\t\t\t\t\t\t\t\t<div class=\"elementor-button-wrapper\">\n\t\t\t\t\t<a class=\"elementor-button elementor-button-link elementor-size-sm\" href=\"https:\/\/setuproductions.com\/wp-content\/uploads\/2024\/10\/dossier_setup_10_2024_2.pdf\">\n\t\t\t\t\t\t<span class=\"elementor-button-content-wrapper\">\n\t\t\t\t\t\t<span class=\"elementor-button-icon\">\n\t\t\t\t<svg aria-hidden=\"true\" class=\"e-font-icon-svg e-far-arrow-alt-circle-right\" viewBox=\"0 0 512 512\" xmlns=\"http:\/\/www.w3.org\/2000\/svg\"><path d=\"M504 256C504 119 393 8 256 8S8 119 8 256s111 248 248 248 248-111 248-248zm-448 0c0-110.5 89.5-200 200-200s200 89.5 200 200-89.5 200-200 200S56 366.5 56 256zm72 20v-40c0-6.6 5.4-12 12-12h116v-67c0-10.7 12.9-16 20.5-8.5l99 99c4.7 4.7 4.7 12.3 0 17l-99 99c-7.6 7.6-20.5 2.2-20.5-8.5v-67H140c-6.6 0-12-5.4-12-12z\"><\/path><\/svg>\t\t\t<\/span>\n\t\t\t\t\t\t\t\t\t<span class=\"elementor-button-text\">DESCARGA NUESTRO DOSSIER <\/span>\n\t\t\t\t\t<\/span>\n\t\t\t\t\t<\/a>\n\t\t\t\t<\/div>\n\t\t\t\t\t\t\t\t<\/div>\n\t\t\t\t<\/div>\n\t\t\t\t\t<\/div>\n\t\t\t\t<\/div>\n\t\t<div class=\"elementor-element elementor-element-49c5456 e-flex e-con-boxed e-con e-parent\" data-id=\"49c5456\" data-element_type=\"container\">\n\t\t\t\t\t<div class=\"e-con-inner\">\n\t\t<div class=\"elementor-element elementor-element-b0a0760 e-con-full e-flex e-con e-child\" data-id=\"b0a0760\" data-element_type=\"container\">\n\t\t\t\t<div class=\"elementor-element elementor-element-186de1a elementor-widget elementor-widget-wpzoom-elementor-addons-team-members\" data-id=\"186de1a\" data-element_type=\"widget\" data-widget_type=\"wpzoom-elementor-addons-team-members.default\">\n\t\t\t\t<div class=\"elementor-widget-container\">\n\t\t\t\t\t\n\t\t\t\t\t<figure class=\"wpz-member-figure\">\n\t\t\t\t<img decoding=\"async\" width=\"930\" height=\"628\" src=\"https:\/\/setuproductions.com\/wp-content\/uploads\/2024\/10\/WhatsApp-Image-2024-10-29-at-09.55.26-1024x691.jpeg\" class=\"elementor-animation-disable-animation attachment-large size-large wp-image-155\" alt=\"\" srcset=\"https:\/\/setuproductions.com\/wp-content\/uploads\/2024\/10\/WhatsApp-Image-2024-10-29-at-09.55.26-1024x691.jpeg 1024w, https:\/\/setuproductions.com\/wp-content\/uploads\/2024\/10\/WhatsApp-Image-2024-10-29-at-09.55.26-300x202.jpeg 300w, https:\/\/setuproductions.com\/wp-content\/uploads\/2024\/10\/WhatsApp-Image-2024-10-29-at-09.55.26-768x518.jpeg 768w, https:\/\/setuproductions.com\/wp-content\/uploads\/2024\/10\/WhatsApp-Image-2024-10-29-at-09.55.26-1000x675.jpeg 1000w, https:\/\/setuproductions.com\/wp-content\/uploads\/2024\/10\/WhatsApp-Image-2024-10-29-at-09.55.26-830x560.jpeg 830w, https:\/\/setuproductions.com\/wp-content\/uploads\/2024\/10\/WhatsApp-Image-2024-10-29-at-09.55.26.jpeg 1375w\" sizes=\"(max-width: 930px) 100vw, 930px\" \/>\t\t\t<\/figure>\n\t\t\n\t\t<div class=\"wpz-member-body\">\n\t\t\t<h2 class=\"wpz-member-name\">GONZALO D\u00b4ADDARIO<\/h2>\n\t\t\t\t\t\t\t<div class=\"wpz-member-position\">CEO \/ Direcci\u00f3n Proyectos<\/div>\n\t\t\t\n\t\t\t\t\t\t\t<div class=\"wpz-member-bio\">\n\t\t\t\t\t<p>Project Manager Producci\u00f3n de festivales, conciertos, eventos y giras.<\/p>\n\t\t\t\t<\/div>\n\t\t\t\n\t\t\t\n\t\t\t\t\t\t\t<div class=\"wpz-member-links\">\n\t\t\t\t\t<a target=\"_blank\" rel=\"noopener\" href=\"https:\/\/www.linkedin.com\/in\/gonzalo-d%E2%80%99addario-a68198208\/\" class=\"elementor-repeater-item-6681dcc\"><i class=\"fa-linkedin fab\" aria-hidden=\"true\"><\/i><\/a><a target=\"_blank\" rel=\"noopener\" href=\"https:\/\/www.instagram.com\/gonzalodaddario\/\" class=\"elementor-repeater-item-bb079c2\"><i class=\"fa-instagram fab\" aria-hidden=\"true\"><\/i><\/a>\t\t\t\t<\/div>\n\t\t\t\n\t\t\t\t\t<\/div>\n\t\t\t\t\t\t<\/div>\n\t\t\t\t<\/div>\n\t\t\t\t<\/div>\n\t\t<div class=\"elementor-element elementor-element-89d134e e-con-full e-flex e-con e-child\" data-id=\"89d134e\" data-element_type=\"container\">\n\t\t\t\t<div class=\"elementor-element elementor-element-9e6ea6c elementor-widget elementor-widget-wpzoom-elementor-addons-team-members\" data-id=\"9e6ea6c\" data-element_type=\"widget\" data-widget_type=\"wpzoom-elementor-addons-team-members.default\">\n\t\t\t\t<div class=\"elementor-widget-container\">\n\t\t\t\t\t\n\t\t\t\t\t<figure class=\"wpz-member-figure\">\n\t\t\t\t<img decoding=\"async\" width=\"930\" height=\"628\" src=\"https:\/\/setuproductions.com\/wp-content\/uploads\/2024\/10\/rafaok2-1024x691.jpg\" class=\"elementor-animation-disable-animation attachment-large size-large wp-image-287\" alt=\"\" srcset=\"https:\/\/setuproductions.com\/wp-content\/uploads\/2024\/10\/rafaok2-1024x691.jpg 1024w, https:\/\/setuproductions.com\/wp-content\/uploads\/2024\/10\/rafaok2-300x202.jpg 300w, https:\/\/setuproductions.com\/wp-content\/uploads\/2024\/10\/rafaok2-768x518.jpg 768w, https:\/\/setuproductions.com\/wp-content\/uploads\/2024\/10\/rafaok2-1000x675.jpg 1000w, https:\/\/setuproductions.com\/wp-content\/uploads\/2024\/10\/rafaok2-830x560.jpg 830w, https:\/\/setuproductions.com\/wp-content\/uploads\/2024\/10\/rafaok2.jpg 1375w\" sizes=\"(max-width: 930px) 100vw, 930px\" \/>\t\t\t<\/figure>\n\t\t\n\t\t<div class=\"wpz-member-body\">\n\t\t\t<h2 class=\"wpz-member-name\">RAFA DILOY<\/h2>\n\t\t\t\t\t\t\t<div class=\"wpz-member-position\">Direcci\u00f3n General<\/div>\n\t\t\t\n\t\t\t\t\t\t\t<div class=\"wpz-member-bio\">\n\t\t\t\t\t<p>Impulsando la innovaci\u00f3n y la gesti\u00f3n empresarial humana y eficiente. - Actualmente en la Industria Musical, a trav\u00e9s de Eventos 360\u00ba, y en el sector de la Automoci\u00f3n- \ud83c\uddea\ud83c\uddf8\ud83c\udde9\ud83c\uddea\ud83c\uddec\ud83c\udde7<\/p>\n\t\t\t\t<\/div>\n\t\t\t\n\t\t\t\n\t\t\t\t\t\t\t<div class=\"wpz-member-links\">\n\t\t\t\t\t<a target=\"_blank\" rel=\"noopener\" href=\"https:\/\/www.linkedin.com\/in\/rafael-diloy-huarte-8b964339\/\" class=\"elementor-repeater-item-10f9d24\"><i class=\"fa-linkedin fab\" aria-hidden=\"true\"><\/i><\/a><a target=\"_blank\" rel=\"noopener\" href=\"https:\/\/www.instagram.com\/rafady2gen\/\" class=\"elementor-repeater-item-654a434\"><i class=\"fa-instagram fab\" aria-hidden=\"true\"><\/i><\/a>\t\t\t\t<\/div>\n\t\t\t\n\t\t\t\t\t<\/div>\n\t\t\t\t\t\t<\/div>\n\t\t\t\t<\/div>\n\t\t\t\t<\/div>\n\t\t\t\t\t<\/div>\n\t\t\t\t<\/div>\n\t\t<div class=\"elementor-element elementor-element-9a911c7 e-flex e-con-boxed elementor-invisible e-con e-parent\" data-id=\"9a911c7\" data-element_type=\"container\" data-settings=\"{&quot;background_background&quot;:&quot;classic&quot;,&quot;animation&quot;:&quot;fadeIn&quot;}\">\n\t\t\t\t\t<div class=\"e-con-inner\">\n\t\t\t\t<div class=\"elementor-element elementor-element-f459b40 elementor-widget elementor-widget-text-editor\" data-id=\"f459b40\" data-element_type=\"widget\" data-widget_type=\"text-editor.default\">\n\t\t\t\t<div class=\"elementor-widget-container\">\n\t\t\t\t\t\t\t\t\t<h1 class=\"p1\" style=\"text-align: center;\"><b>Estamos listos para llevar 2025 al siguiente nivel. <\/b><\/h1><h2 class=\"p1\" style=\"text-align: center;\"><b>\u00bfTe apuntas? <\/b><\/h2>\t\t\t\t\t\t\t\t<\/div>\n\t\t\t\t<\/div>\n\t\t\t\t\t<\/div>\n\t\t\t\t<\/div>\n\t\t<div class=\"elementor-element elementor-element-1ed8928 e-flex e-con-boxed e-con e-parent\" data-id=\"1ed8928\" data-element_type=\"container\" data-settings=\"{&quot;background_background&quot;:&quot;classic&quot;}\">\n\t\t\t\t\t<div class=\"e-con-inner\">\n\t\t\t\t<div class=\"elementor-element elementor-element-47bf581 elementor-widget elementor-widget-wpzoom-forms-widget-cpt\" data-id=\"47bf581\" data-element_type=\"widget\" data-widget_type=\"wpzoom-forms-widget-cpt.default\">\n\t\t\t\t<div class=\"elementor-widget-container\">\n\t\t\t\t\t<style>#wpzf-29 + .notice { margin-top: 20px; padding: 15px; border-radius: 4px; }#wpzf-29 + .notice.success { background-color: #e7f7ed; color: #227045; border-left: 4px solid #46b450; }#wpzf-29 + .notice.error { background-color: #fde8e8; color: #8a1f11; border-left: 4px solid #cc0000; }#wpzf-29 + .notice p { margin: 0; }#wpzf-29-notice { scroll-margin-top: 24px; }<\/style><!-- ZOOM Forms Start -->\n\t\t\t<form id=\"wpzf-29\" method=\"post\" action=\"https:\/\/setuproductions.com\/wp-admin\/admin-post.php\" class=\"wpzoom-forms_form\">\n\t\t\t<input type=\"hidden\" name=\"action\" value=\"wpzf_submit\" \/>\n\t\t\t<input type=\"hidden\" name=\"form_id\" value=\"29\" \/>\n\t\t\t<input type=\"hidden\" id=\"_wpnonce\" name=\"_wpnonce\" value=\"5210b2c51b\" \/><input type=\"hidden\" name=\"_wp_http_referer\" value=\"\/index.php?rest_route=%2Fwp%2Fv2%2Fpages%2F8\" \/>\n\t\t\t\n<div class=\"wp-block-wpzoom-forms-form\">\n<div class=\"wp-block-group is-layout-flow wp-block-group-is-layout-flow\">\n<div class=\"wp-block-columns is-layout-flex wp-container-core-columns-is-layout-28f84493 wp-block-columns-is-layout-flex\">\n<div class=\"wp-block-column is-layout-flow wp-block-column-is-layout-flow\" style=\"flex-basis:100%\">\n<label for=\"input_name\"><label for=\"input_name\">NOMBRE<\/label><sup class=\"wp-block-wpzoom-forms-required\">*<\/sup><\/label><input type=\"text\" name=\"wpzf_input_name\" id=\"input_name\" placeholder=\"\" required class=\"wp-block-wpzoom-forms-text-name-field fullwidth\"\/>\n\n\n\n<label for=\"input_email\"><label for=\"input_email\">EMAIL<\/label><sup class=\"wp-block-wpzoom-forms-required\">*<\/sup><\/label><input type=\"email\" name=\"wpzf_input_email\" id=\"input_email\" placeholder=\"\" required data-replyto=\"true\" class=\"wp-block-wpzoom-forms-text-email-field fullwidth\"\/>\n\n\n\n<label for=\"input_dec0014a\"><label for=\"input_dec0014a\">ASUNTO<\/label><sup class=\"wp-block-wpzoom-forms-required\">*<\/sup><\/label><input type=\"text\" name=\"wpzf_input_dec0014a\" id=\"input_dec0014a\" placeholder=\"\" required data-subject=\"true\" class=\"wp-block-wpzoom-forms-text-plain-field fullwidth\"\/>\n\n\n\n<label for=\"input_3520386d\"><label for=\"input_3520386d\">MENSAJE<\/label><sup class=\"wp-block-wpzoom-forms-required\">*<\/sup><\/label><textarea name=\"wpzf_input_3520386d\" id=\"input_3520386d\" cols=\"55\" rows=\"10\" placeholder=\"\" required class=\"wp-block-wpzoom-forms-textarea-field fullwidth\"><\/textarea>\n<\/div>\n<\/div>\n\n\n\n<div class=\"wp-block-columns is-layout-flex wp-container-core-columns-is-layout-28f84493 wp-block-columns-is-layout-flex\">\n<div class=\"wp-block-column is-layout-flow wp-block-column-is-layout-flow\" style=\"flex-basis:30%\">\n<input   type=\"submit\" data-sitekey=\"6LeOLXsqAAAAAJ734DPB-aGa-W_XPW14DX8kcfzG\" data-callback=\"wpzf_submit\" data-action=\"submit\" data-badge=\"bottomright\"  id=\"input_submit\" value=\"ENVIAR\"  class=\"wp-block-wpzoom-forms-submit-field g-recaptcha\"\/>\n<\/div>\n\n\n\n<div class=\"wp-block-column is-layout-flow wp-block-column-is-layout-flow\" style=\"flex-basis:70%\">\n<p class=\"has-text-align-right\" style=\"font-size:clamp(14px, 0.875rem + ((1vw - 3.2px) * 0.208), 16px);px\">LOS CAMPOS MARCADOS CON <strong class=\"has-accent-color has-text-color\">*<\/strong> SON REQUERIDOS<\/p>\n<\/div>\n<\/div>\n<\/div>\n<\/div>\n\n\t\t\t<input type=\"hidden\" name=\"wpzf_replyto\" value=\"wpzf_input_email\" \/><input type=\"hidden\" name=\"wpzf_subject\" value=\"wpzf_input_dec0014a\" \/><\/form>\n\t\t\t\n\t\t\t<!-- ZOOM Forms End -->\t\t\t\t<\/div>\n\t\t\t\t<\/div>\n\t\t\t\t\t<\/div>\n\t\t\t\t<\/div>\n\t\t\t\t<\/div>\n\t\t","protected":false},"excerpt":{"rendered":"<p>Creamos, Producimos, Promovemos, Organizamos y llevamos a cabo cualquier proyecto que este en TU MENTE Espect\u00e1culos, Festivales, Giras, Conciertos, Eventos Privados, Deportivos, Empresariales, Presentaciones, Lanzamientos, y todo lo que conlleve una producci\u00f3n integral DESCARGA NUESTRO DOSSIER GONZALO D\u00b4ADDARIO CEO \/ Direcci\u00f3n Proyectos Project Manager Producci\u00f3n de festivales, conciertos, eventos y [&hellip;]<\/p>\n","protected":false},"author":1,"featured_media":0,"parent":0,"menu_order":0,"comment_status":"closed","ping_status":"closed","template":"","meta":{"inspiro_page_layout":"narrow","inspiro_hide_title":false,"footnotes":""},"class_list":["post-8","page","type-page","status-publish","hentry"],"featured_media_urls":[],"_links":{"self":[{"href":"https:\/\/setuproductions.com\/index.php?rest_route=\/wp\/v2\/pages\/8","targetHints":{"allow":["GET"]}}],"collection":[{"href":"https:\/\/setuproductions.com\/index.php?rest_route=\/wp\/v2\/pages"}],"about":[{"href":"https:\/\/setuproductions.com\/index.php?rest_route=\/wp\/v2\/types\/page"}],"author":[{"embeddable":true,"href":"https:\/\/setuproductions.com\/index.php?rest_route=\/wp\/v2\/users\/1"}],"replies":[{"embeddable":true,"href":"https:\/\/setuproductions.com\/index.php?rest_route=%2Fwp%2Fv2%2Fcomments&post=8"}],"version-history":[{"count":161,"href":"https:\/\/setuproductions.com\/index.php?rest_route=\/wp\/v2\/pages\/8\/revisions"}],"predecessor-version":[{"id":290,"href":"https:\/\/setuproductions.com\/index.php?rest_route=\/wp\/v2\/pages\/8\/revisions\/290"}],"wp:attachment":[{"href":"https:\/\/setuproductions.com\/index.php?rest_route=%2Fwp%2Fv2%2Fmedia&parent=8"}],"curies":[{"name":"wp","href":"https:\/\/api.w.org\/{rel}","templated":true}]}}