{"id":9,"date":"2024-08-23T10:18:15","date_gmt":"2024-08-23T10:18:15","guid":{"rendered":"https:\/\/setuproductions.com\/?page_id=9"},"modified":"2024-10-29T16:21:19","modified_gmt":"2024-10-29T16:21:19","slug":"acerca-de","status":"publish","type":"page","link":"https:\/\/setuproductions.com\/?page_id=9","title":{"rendered":"Producci\u00f3n"},"content":{"rendered":"\t\t<div data-elementor-type=\"wp-page\" data-elementor-id=\"9\" class=\"elementor elementor-9\">\n\t\t\t\t<div class=\"elementor-element elementor-element-508bc1f0 e-flex e-con-boxed e-con e-parent\" data-id=\"508bc1f0\" data-element_type=\"container\">\n\t\t\t\t\t<div class=\"e-con-inner\">\n\t\t\t\t<div class=\"elementor-element elementor-element-3fee30e0 elementor-widget elementor-widget-text-editor\" data-id=\"3fee30e0\" data-element_type=\"widget\" data-widget_type=\"text-editor.default\">\n\t\t\t\t<div class=\"elementor-widget-container\">\n\t\t\t\t\t\t\t\t\t\n<p class=\"has-text-align-center\"><br><strong>\u00abWhere dreams come true\u00bb<\/strong><\/p>\n\n\n\n<p><strong>\u00a8Creamos, producimos, promovemos, organizamos y llevamos a cabo cualquier proyecto que este en tu mente, espect\u00e1culos, festivales, giras, conciertos, eventos privados, deportivos, empresariales, presentaciones, lanzamientos y todo lo que conlleve una producci\u00f3n integral, somos un equipo unido por la pasi\u00f3n de crear momentos que perduraran en los corazones de la gente\u00a8<\/strong><\/p>\n\n\n\n<p><strong>1. Preproducci\u00f3n<\/strong><\/p>\n\n\n\n<p><strong>El Baile de la Creatividad \/ Despertando la Magia del Evento<\/strong><\/p>\n\n\n\n<ul class=\"wp-block-list\">\n<li>Reuni\u00f3n de expertos en un santuario de ideas.<\/li>\n\n\n\n<li>Cada detalle cobra vida, desde el primer trazo hasta la experiencia sensorial final.<\/li>\n\n\n\n<li>En el crisol de la creatividad, expertos se re\u00fanen para dar vida a un sue\u00f1o: un evento inolvidable.<\/li>\n<\/ul>\n\n\n\n<p><strong>2. Producci\u00f3n<\/strong><\/p>\n\n\n\n<p><strong>Tejiendo la Magia del Espect\u00e1culo \/ Donde la Magia se Convierte en Realidad<\/strong><\/p>\n\n\n\n<ul class=\"wp-block-list\">\n<li>En el coraz\u00f3n del espect\u00e1culo, cada detalle es crucial.<\/li>\n\n\n\n<li>La pasi\u00f3n y el compromiso se unen para crear una experiencia inolvidable.<\/li>\n\n\n\n<li>El nacimiento, la concepci\u00f3n, el levantamiento de lo so\u00f1ado y la puesta en escena para la apertura, donde la organizaci\u00f3n y la planificaci\u00f3n hacen realidad el espect\u00e1culo.<\/li>\n<\/ul>\n\n\n\n<p><strong>3. Producci\u00f3n T\u00e9cnica<\/strong><\/p>\n\n\n\n<p><strong>La Sinfon\u00eda de la Tecnolog\u00eda<\/strong><\/p>\n\n\n\n<ul class=\"wp-block-list\">\n<li>El Escenario de la Emoci\u00f3n: En el coraz\u00f3n del festival, la producci\u00f3n t\u00e9cnica da vida a la visi\u00f3n, desde luces hasta sonidos.<\/li>\n\n\n\n<li>En el coraz\u00f3n tecnol\u00f3gico del festival, la magia cobra vida.<\/li>\n\n\n\n<li>Desde el sonido hasta los efectos especiales, cada detalle es esencial.<\/li>\n<\/ul>\n\n\n\n<p><strong>4. Producci\u00f3n Art\u00edstica<\/strong><\/p>\n\n\n\n<p><strong>El Arte de Emocionar \/ La Esencia del Encanto<\/strong><\/p>\n\n\n\n<ul class=\"wp-block-list\">\n<li>Donde el talento se encuentra con la visi\u00f3n del evento.<\/li>\n\n\n\n<li>La hospitalidad y la atenci\u00f3n a los artistas son prioritarias.<\/li>\n\n\n\n<li>El Alma del Festival: La producci\u00f3n art\u00edstica teje un tapiz de talento y creatividad, desde la contrataci\u00f3n hasta la hospitalidad de los artistas.<\/li>\n<\/ul>\n\n\n\n<p><strong>5. Fase Post Evento<\/strong><\/p>\n\n\n\n<p><strong>El Ep\u00edlogo de la Emoci\u00f3n<\/strong><\/p>\n\n\n\n<ul class=\"wp-block-list\">\n<li>Cerrando el Cap\u00edtulo, Abriendo Nuevas Historias.<\/li>\n\n\n\n<li>El Fin de un Cap\u00edtulo: Despu\u00e9s del \u00faltimo aplauso, la fase post-evento marca el cierre de una experiencia inolvidable.<\/li>\n\n\n\n<li>Tras la euforia, llega el momento de los balances. El festival se despide con gratitud y lecciones aprendidas.<\/li>\n<\/ul>\n\t\t\t\t\t\t\t\t<\/div>\n\t\t\t\t<\/div>\n\t\t\t\t\t<\/div>\n\t\t\t\t<\/div>\n\t\t\t\t<\/div>\n\t\t","protected":false},"excerpt":{"rendered":"<p>\u00abWhere dreams come true\u00bb \u00a8Creamos, producimos, promovemos, organizamos y llevamos a cabo cualquier proyecto que este en tu mente, espect\u00e1culos, festivales, giras, conciertos, eventos privados, deportivos, empresariales, presentaciones, lanzamientos y todo lo que conlleve una producci\u00f3n integral, somos un equipo unido por la pasi\u00f3n de crear momentos que perduraran en [&hellip;]<\/p>\n","protected":false},"author":1,"featured_media":186,"parent":0,"menu_order":0,"comment_status":"closed","ping_status":"closed","template":"","meta":{"inspiro_page_layout":"narrow","inspiro_hide_title":false,"footnotes":""},"class_list":["post-9","page","type-page","status-publish","has-post-thumbnail","hentry"],"featured_media_urls":{"thumbnail":["https:\/\/setuproductions.com\/wp-content\/uploads\/2024\/08\/maxresdefault-150x150.jpg",150,150,true],"medium":["https:\/\/setuproductions.com\/wp-content\/uploads\/2024\/08\/maxresdefault-300x169.jpg",300,169,true],"medium_large":["https:\/\/setuproductions.com\/wp-content\/uploads\/2024\/08\/maxresdefault-768x432.jpg",768,432,true],"large":["https:\/\/setuproductions.com\/wp-content\/uploads\/2024\/08\/maxresdefault-1024x576.jpg",930,523,true],"1536x1536":["https:\/\/setuproductions.com\/wp-content\/uploads\/2024\/08\/maxresdefault.jpg",1280,720,false],"2048x2048":["https:\/\/setuproductions.com\/wp-content\/uploads\/2024\/08\/maxresdefault.jpg",1280,720,false],"featured":["https:\/\/setuproductions.com\/wp-content\/uploads\/2024\/08\/maxresdefault.jpg",1280,720,false],"featured@2x":["https:\/\/setuproductions.com\/wp-content\/uploads\/2024\/08\/maxresdefault.jpg",1280,720,false],"featured-small":["https:\/\/setuproductions.com\/wp-content\/uploads\/2024\/08\/maxresdefault-1000x563.jpg",1000,563,true],"recent-thumbnail":["https:\/\/setuproductions.com\/wp-content\/uploads\/2024\/08\/maxresdefault-345x192.jpg",345,192,true],"recent-thumbnail-retina":["https:\/\/setuproductions.com\/wp-content\/uploads\/2024\/08\/maxresdefault-690x384.jpg",690,384,true],"woo-featured":["https:\/\/setuproductions.com\/wp-content\/uploads\/2024\/08\/maxresdefault-280x280.jpg",280,280,true],"entry-cover":["https:\/\/setuproductions.com\/wp-content\/uploads\/2024\/08\/maxresdefault.jpg",1280,720,false],"entry-cover@2x":["https:\/\/setuproductions.com\/wp-content\/uploads\/2024\/08\/maxresdefault.jpg",1280,720,false],"loop":["https:\/\/setuproductions.com\/wp-content\/uploads\/2024\/08\/maxresdefault-950x320.jpg",950,320,true],"loop@2x":["https:\/\/setuproductions.com\/wp-content\/uploads\/2024\/08\/maxresdefault.jpg",1138,640,false],"portfolio-scroller-widget":["https:\/\/setuproductions.com\/wp-content\/uploads\/2024\/08\/maxresdefault-996x560.jpg",996,560,true],"portfolio_item-thumbnail":["https:\/\/setuproductions.com\/wp-content\/uploads\/2024\/08\/maxresdefault-600x400.jpg",600,400,true],"portfolio_item-thumbnail@2x":["https:\/\/setuproductions.com\/wp-content\/uploads\/2024\/08\/maxresdefault-1200x720.jpg",1200,720,true],"portfolio_item-masonry":["https:\/\/setuproductions.com\/wp-content\/uploads\/2024\/08\/maxresdefault-600x338.jpg",600,338,true],"portfolio_item-thumbnail_wide":["https:\/\/setuproductions.com\/wp-content\/uploads\/2024\/08\/maxresdefault-1280x600.jpg",1280,600,true],"portfolio_item-thumbnail_wide_cinema":["https:\/\/setuproductions.com\/wp-content\/uploads\/2024\/08\/maxresdefault.jpg",1280,720,false],"portfolio_item-thumbnail_cinema":["https:\/\/setuproductions.com\/wp-content\/uploads\/2024\/08\/maxresdefault-800x335.jpg",800,335,true],"portfolio_item-thumbnail_portrait":["https:\/\/setuproductions.com\/wp-content\/uploads\/2024\/08\/maxresdefault-600x720.jpg",600,720,true],"portfolio_item-thumbnail_square":["https:\/\/setuproductions.com\/wp-content\/uploads\/2024\/08\/maxresdefault-800x720.jpg",800,720,true],"portfolio_item-masonry@2x":["https:\/\/setuproductions.com\/wp-content\/uploads\/2024\/08\/maxresdefault-1200x675.jpg",1200,675,true],"portfolio_item-thumbnail_portrait@2x":["https:\/\/setuproductions.com\/wp-content\/uploads\/2024\/08\/maxresdefault-1200x720.jpg",1200,720,true]},"_links":{"self":[{"href":"https:\/\/setuproductions.com\/index.php?rest_route=\/wp\/v2\/pages\/9","targetHints":{"allow":["GET"]}}],"collection":[{"href":"https:\/\/setuproductions.com\/index.php?rest_route=\/wp\/v2\/pages"}],"about":[{"href":"https:\/\/setuproductions.com\/index.php?rest_route=\/wp\/v2\/types\/page"}],"author":[{"embeddable":true,"href":"https:\/\/setuproductions.com\/index.php?rest_route=\/wp\/v2\/users\/1"}],"replies":[{"embeddable":true,"href":"https:\/\/setuproductions.com\/index.php?rest_route=%2Fwp%2Fv2%2Fcomments&post=9"}],"version-history":[{"count":7,"href":"https:\/\/setuproductions.com\/index.php?rest_route=\/wp\/v2\/pages\/9\/revisions"}],"predecessor-version":[{"id":185,"href":"https:\/\/setuproductions.com\/index.php?rest_route=\/wp\/v2\/pages\/9\/revisions\/185"}],"wp:featuredmedia":[{"embeddable":true,"href":"https:\/\/setuproductions.com\/index.php?rest_route=\/wp\/v2\/media\/186"}],"wp:attachment":[{"href":"https:\/\/setuproductions.com\/index.php?rest_route=%2Fwp%2Fv2%2Fmedia&parent=9"}],"curies":[{"name":"wp","href":"https:\/\/api.w.org\/{rel}","templated":true}]}}